{"id":907,"date":"2024-06-10T08:21:56","date_gmt":"2024-06-10T08:21:56","guid":{"rendered":"http:\/\/xtratheme.combuilding\/?page_id=4"},"modified":"2026-03-26T15:38:15","modified_gmt":"2026-03-26T14:38:15","slug":"home","status":"publish","type":"page","link":"https:\/\/stomatolog-muskic.hr\/","title":{"rendered":"Home"},"content":{"rendered":"\t\t<div data-elementor-type=\"wp-page\" data-elementor-id=\"907\" class=\"elementor elementor-907\">\n\t\t\t\t\t\t<section class=\"elementor-section elementor-top-section elementor-element elementor-element-c9769f2 elementor-section-stretched elementor-section-boxed elementor-section-height-default elementor-section-height-default\" data-id=\"c9769f2\" data-element_type=\"section\" data-e-type=\"section\" data-settings=\"{&quot;stretch_section&quot;:&quot;section-stretched&quot;,&quot;background_background&quot;:&quot;classic&quot;}\">\n\t\t\t\t\t\t\t<div class=\"elementor-background-overlay\"><\/div>\n\t\t\t\t\t\t\t<div class=\"elementor-container elementor-column-gap-default\">\n\t\t\t\t\t<div class=\"elementor-column elementor-col-100 elementor-top-column elementor-element elementor-element-5f5a84e\" data-id=\"5f5a84e\" data-element_type=\"column\" data-e-type=\"column\">\n\t\t\t<div class=\"elementor-widget-wrap elementor-element-populated\">\n\t\t\t\t\t\t<div class=\"elementor-element elementor-element-ebb9bcc elementor-widget elementor-widget-cz_animated_text\" data-id=\"ebb9bcc\" data-element_type=\"widget\" data-e-type=\"widget\" data-widget_type=\"cz_animated_text.default\">\n\t\t\t\t<div class=\"elementor-widget-container\">\n\t\t\t\t\t\r\n\t\t<h2 data-time=\"3000\" class=\"cz_headline clip is-full-width\">\r\n\r\n\t\t\t<span class=\"cz_before_text\">\r\n\t\t\t\tUz nas radosno\t\r\n\t\t\t<\/span>\r\n\r\n\t\t\t<span class=\"cz_words-wrapper\"> \r\n\r\n\t\t\t\t<b class=\"is-visible\">\u017eivi<\/b><b class=\"is-hidden\">pri\u010daj<\/b><b class=\"is-hidden\">\u017eva\u010di<\/b><b class=\"is-hidden\">ljubi<\/b><b class=\"is-hidden\">blistaj<\/b><b class=\"is-hidden\">smije\u0161i se<\/b>\r\n\t\t\t<\/span>\r\n\r\n\t\t\t<span class=\"cz_after_text\">\r\n\t\t\t\t\t\t\t<\/span>\r\n\r\n\t\t<\/h2>\r\n\r\n\t\t\t\t\t\t<\/div>\n\t\t\t\t<\/div>\n\t\t\t\t<div class=\"elementor-element elementor-element-92f223d elementor-widget elementor-widget-spacer\" data-id=\"92f223d\" data-element_type=\"widget\" data-e-type=\"widget\" data-widget_type=\"spacer.default\">\n\t\t\t\t<div class=\"elementor-widget-container\">\n\t\t\t\t\t\t\t<div class=\"elementor-spacer\">\n\t\t\t<div class=\"elementor-spacer-inner\"><\/div>\n\t\t<\/div>\n\t\t\t\t\t\t<\/div>\n\t\t\t\t<\/div>\n\t\t\t\t\t<\/div>\n\t\t<\/div>\n\t\t\t\t\t<\/div>\n\t\t<\/section>\n\t\t\t\t<section class=\"elementor-section elementor-top-section elementor-element elementor-element-e3f1226 elementor-section-stretched elementor-section-boxed elementor-section-height-default elementor-section-height-default\" data-id=\"e3f1226\" data-element_type=\"section\" data-e-type=\"section\" data-settings=\"{&quot;stretch_section&quot;:&quot;section-stretched&quot;,&quot;background_background&quot;:&quot;classic&quot;}\">\n\t\t\t\t\t\t\t<div class=\"elementor-background-overlay\"><\/div>\n\t\t\t\t\t\t\t<div class=\"elementor-container elementor-column-gap-default\">\n\t\t\t\t\t<div class=\"elementor-column elementor-col-50 elementor-top-column elementor-element elementor-element-86f9813\" data-id=\"86f9813\" data-element_type=\"column\" data-e-type=\"column\">\n\t\t\t<div class=\"elementor-widget-wrap elementor-element-populated\">\n\t\t\t\t\t\t<div class=\"elementor-element elementor-element-6207bed elementor-widget elementor-widget-cz_gap\" data-id=\"6207bed\" data-element_type=\"widget\" data-e-type=\"widget\" data-widget_type=\"cz_gap.default\">\n\t\t\t\t<div class=\"elementor-widget-container\">\n\t\t\t\t\t<div class=\"cz_gap clr\"><\/div>\t\t\t\t<\/div>\n\t\t\t\t<\/div>\n\t\t\t\t<div class=\"elementor-element elementor-element-8278c27 elementor-widget elementor-widget-cz_title\" data-id=\"8278c27\" data-element_type=\"widget\" data-e-type=\"widget\" data-widget_type=\"cz_title.default\">\n\t\t\t\t<div class=\"elementor-widget-container\">\n\t\t\t\t\t\t\r\n\t\t<div>\r\n\t\t\t<div class=\"cz_title clr cz_mobile_text_center cz_title_pos_inline\"><div class=\"cz_title_content\"><div class=\"cz_wpe_content\"><h2>Va\u0161 osmijeh zaslu\u017euje vrhunsku stomatolo\u0161ku skrb<\/h2><\/div><\/div><\/div>\r\n\t\t<\/div>\r\n\t\t\r\n\t\t\t\t\t\t<\/div>\n\t\t\t\t<\/div>\n\t\t\t\t\t<\/div>\n\t\t<\/div>\n\t\t\t\t<div class=\"elementor-column elementor-col-50 elementor-top-column elementor-element elementor-element-b584fb5\" data-id=\"b584fb5\" data-element_type=\"column\" data-e-type=\"column\">\n\t\t\t<div class=\"elementor-widget-wrap elementor-element-populated\">\n\t\t\t\t\t\t<div class=\"elementor-element elementor-element-6fc8e7c elementor-widget elementor-widget-cz_gap\" data-id=\"6fc8e7c\" data-element_type=\"widget\" data-e-type=\"widget\" data-widget_type=\"cz_gap.default\">\n\t\t\t\t<div class=\"elementor-widget-container\">\n\t\t\t\t\t<div class=\"cz_gap clr\"><\/div>\t\t\t\t<\/div>\n\t\t\t\t<\/div>\n\t\t\t\t<div class=\"elementor-element elementor-element-ea83767 elementor-widget elementor-widget-cz_title\" data-id=\"ea83767\" data-element_type=\"widget\" data-e-type=\"widget\" data-widget_type=\"cz_title.default\">\n\t\t\t\t<div class=\"elementor-widget-container\">\n\t\t\t\t\t\t\r\n\t\t<div>\r\n\t\t\t<div class=\"cz_title clr cz_mobile_text_center cz_title_pos_inline\"><div class=\"cz_title_content\"><div class=\"cz_wpe_content\"><p>U ordinaciji dentalne medicine Sergea orijentirani smo na zdravlje i ljepotu s naglaskom na individualni pristup i biolo\u0161ke principe moderne stomatologije koja podr\u017eava cjelovito zdravlje tijela.<\/p><\/div><\/div><\/div>\r\n\t\t<\/div>\r\n\t\t\r\n\t\t\t\t\t\t<\/div>\n\t\t\t\t<\/div>\n\t\t\t\t\t<\/div>\n\t\t<\/div>\n\t\t\t\t\t<\/div>\n\t\t<\/section>\n\t\t\t\t<section class=\"elementor-section elementor-top-section elementor-element elementor-element-c66d3ec elementor-section-boxed elementor-section-height-default elementor-section-height-default\" data-id=\"c66d3ec\" data-element_type=\"section\" data-e-type=\"section\" data-settings=\"{&quot;background_background&quot;:&quot;classic&quot;}\">\n\t\t\t\t\t\t<div class=\"elementor-container elementor-column-gap-default\">\n\t\t\t\t\t<div class=\"elementor-column elementor-col-50 elementor-top-column elementor-element elementor-element-26ba2fb column-xtra-sticky\" data-id=\"26ba2fb\" data-element_type=\"column\" data-e-type=\"column\">\n\t\t\t<div class=\"elementor-widget-wrap elementor-element-populated\">\n\t\t\t\t\t\t<div class=\"elementor-element elementor-element-8529737 elementor-widget elementor-widget-cz_image\" data-id=\"8529737\" data-element_type=\"widget\" data-e-type=\"widget\" data-settings=\"{&quot;_animation&quot;:&quot;none&quot;}\" data-widget_type=\"cz_image.default\">\n\t\t\t\t<div class=\"elementor-widget-container\">\n\t\t\t\t\t\r\n\t\t<div class=\"cz_image clr cz_image_no_fx center_on_mobile\" data-position=\"\">\r\n\r\n\t\t\t<div>\r\n\r\n\t\t\t\t<div class=\"cz_image_in\">\r\n\r\n\t\t\t\t\t<div class=\"cz_main_image\"><img fetchpriority=\"high\" decoding=\"async\" loading=\"eager\" data-no-lazy=\"1\" width=\"2560\" height=\"1707\" src=\"https:\/\/stomatolog-muskic.hr\/wp-content\/uploads\/2026\/01\/DSC_1518-scaled.jpg\" class=\"attachment-full size-full wp-image-2630\" alt=\"DSC 1518 scaled\" srcset=\"https:\/\/stomatolog-muskic.hr\/wp-content\/uploads\/2026\/01\/DSC_1518-scaled.jpg 2560w, https:\/\/stomatolog-muskic.hr\/wp-content\/uploads\/2026\/01\/DSC_1518-300x200.jpg 300w, https:\/\/stomatolog-muskic.hr\/wp-content\/uploads\/2026\/01\/DSC_1518-1024x683.jpg 1024w, https:\/\/stomatolog-muskic.hr\/wp-content\/uploads\/2026\/01\/DSC_1518-768x512.jpg 768w, https:\/\/stomatolog-muskic.hr\/wp-content\/uploads\/2026\/01\/DSC_1518-1536x1024.jpg 1536w, https:\/\/stomatolog-muskic.hr\/wp-content\/uploads\/2026\/01\/DSC_1518-2048x1365.jpg 2048w, https:\/\/stomatolog-muskic.hr\/wp-content\/uploads\/2026\/01\/DSC_1518-600x400.jpg 600w\" sizes=\"(max-width: 2560px) 100vw, 2560px\" \/><\/div>\r\n\r\n\t\t\t\t\t\r\n\t\t\t\t<\/div>\r\n\r\n\t\t\t\t\r\n\t\t\t<\/div>\r\n\r\n\t\t<\/div>\r\n\r\n\t\t\t\t\t<\/div>\n\t\t\t\t<\/div>\n\t\t\t\t\t<\/div>\n\t\t<\/div>\n\t\t\t\t<div class=\"elementor-column elementor-col-50 elementor-top-column elementor-element elementor-element-b1bd0ca column-xtra-full-after\" data-id=\"b1bd0ca\" data-element_type=\"column\" data-e-type=\"column\" data-settings=\"{&quot;background_background&quot;:&quot;classic&quot;}\">\n\t\t\t<div class=\"elementor-widget-wrap elementor-element-populated\">\n\t\t\t\t\t\t<div class=\"elementor-element elementor-element-4831d65 elementor-widget elementor-widget-cz_gap\" data-id=\"4831d65\" data-element_type=\"widget\" data-e-type=\"widget\" data-widget_type=\"cz_gap.default\">\n\t\t\t\t<div class=\"elementor-widget-container\">\n\t\t\t\t\t<div class=\"cz_gap clr\"><\/div>\t\t\t\t<\/div>\n\t\t\t\t<\/div>\n\t\t\t\t<div class=\"elementor-element elementor-element-a400f8b elementor-widget elementor-widget-cz_title\" data-id=\"a400f8b\" data-element_type=\"widget\" data-e-type=\"widget\" data-widget_type=\"cz_title.default\">\n\t\t\t\t<div class=\"elementor-widget-container\">\n\t\t\t\t\t\t\r\n\t\t<div>\r\n\t\t\t<div class=\"cz_title clr cz_mobile_text_center cz_title_pos_inline\"><div class=\"cz_title_content\"><div class=\"cz_wpe_content\"><h3><span style=\"color: #81d8d0;\">ZA\u0160TO ODABRATI NAS?<\/span><\/h3><\/div><\/div><\/div>\r\n\t\t<\/div>\r\n\t\t\r\n\t\t\t\t\t\t<\/div>\n\t\t\t\t<\/div>\n\t\t\t\t<div class=\"elementor-element elementor-element-5a810a0 elementor-widget elementor-widget-cz_title\" data-id=\"5a810a0\" data-element_type=\"widget\" data-e-type=\"widget\" data-widget_type=\"cz_title.default\">\n\t\t\t\t<div class=\"elementor-widget-container\">\n\t\t\t\t\t\t\r\n\t\t<div>\r\n\t\t\t<div class=\"cz_title clr cz_mobile_text_center cz_title_pos_inline\"><div class=\"cz_title_content\"><div class=\"cz_wpe_content\"><p>Na\u0161 cilj i najve\u0107a radost je zdrav i zadovoljan osmjeh pacijenta. Ne lije\u010dimo samo simptome nego tra\u017eimo uzrok problema i biramo terapije koje su nje\u017ene, sigurne i dugoro\u010dno korisne za va\u0161e zdravlje jer za nas niste samo zubi u stolcu. \u017delimo da se osje\u0107ate ugodno, saslu\u0161ano i sigurno jer zdrav osmijeh dolazi iz ravnote\u017ee i povjerenja \u2013 nije va\u017eno imate li godina 95 ili 5.<\/p><\/div><\/div><\/div>\r\n\t\t<\/div>\r\n\t\t\r\n\t\t\t\t\t\t<\/div>\n\t\t\t\t<\/div>\n\t\t\t\t<div class=\"elementor-element elementor-element-7118dce elementor-widget elementor-widget-cz_title\" data-id=\"7118dce\" data-element_type=\"widget\" data-e-type=\"widget\" data-widget_type=\"cz_title.default\">\n\t\t\t\t<div class=\"elementor-widget-container\">\n\t\t\t\t\t\t\r\n\t\t<div>\r\n\t\t\t<div class=\"cz_title clr cz_mobile_text_center cz_title_pos_inline\"><div class=\"cz_title_content\"><div class=\"cz_wpe_content\"><p>\ud83d\udd39 Povjerenje, stru\u010dnost i kvaliteta na jednom mjestu.<\/p><\/div><\/div><\/div>\r\n\t\t<\/div>\r\n\t\t\r\n\t\t\t\t\t\t<\/div>\n\t\t\t\t<\/div>\n\t\t\t\t<div class=\"elementor-element elementor-element-862a543 elementor-widget elementor-widget-cz_gap\" data-id=\"862a543\" data-element_type=\"widget\" data-e-type=\"widget\" data-widget_type=\"cz_gap.default\">\n\t\t\t\t<div class=\"elementor-widget-container\">\n\t\t\t\t\t<div class=\"cz_gap clr\"><\/div>\t\t\t\t<\/div>\n\t\t\t\t<\/div>\n\t\t\t\t\t<\/div>\n\t\t<\/div>\n\t\t\t\t\t<\/div>\n\t\t<\/section>\n\t\t\t\t<\/div>\n\t\t","protected":false},"excerpt":{"rendered":"<p>Uz nas radosno \u017eivipri\u010daj\u017eva\u010diljubiblistajsmije\u0161i se Va\u0161 osmijeh zaslu\u017euje vrhunsku stomatolo\u0161ku skrb &#8230; <\/p>\n","protected":false},"author":7,"featured_media":0,"parent":0,"menu_order":0,"comment_status":"closed","ping_status":"closed","template":"","meta":{"footnotes":""},"class_list":["post-907","page","type-page","status-publish","hentry"],"_links":{"self":[{"href":"https:\/\/stomatolog-muskic.hr\/index.php?rest_route=\/wp\/v2\/pages\/907","targetHints":{"allow":["GET"]}}],"collection":[{"href":"https:\/\/stomatolog-muskic.hr\/index.php?rest_route=\/wp\/v2\/pages"}],"about":[{"href":"https:\/\/stomatolog-muskic.hr\/index.php?rest_route=\/wp\/v2\/types\/page"}],"author":[{"embeddable":true,"href":"https:\/\/stomatolog-muskic.hr\/index.php?rest_route=\/wp\/v2\/users\/7"}],"replies":[{"embeddable":true,"href":"https:\/\/stomatolog-muskic.hr\/index.php?rest_route=%2Fwp%2Fv2%2Fcomments&post=907"}],"version-history":[{"count":0,"href":"https:\/\/stomatolog-muskic.hr\/index.php?rest_route=\/wp\/v2\/pages\/907\/revisions"}],"wp:attachment":[{"href":"https:\/\/stomatolog-muskic.hr\/index.php?rest_route=%2Fwp%2Fv2%2Fmedia&parent=907"}],"curies":[{"name":"wp","href":"https:\/\/api.w.org\/{rel}","templated":true}]}}