{"id":6,"date":"2024-06-10T08:24:41","date_gmt":"2024-06-10T08:24:41","guid":{"rendered":"http:\/\/xtratheme.combuilding\/?page_id=6"},"modified":"2026-03-26T13:13:10","modified_gmt":"2026-03-26T12:13:10","slug":"o-nama","status":"publish","type":"page","link":"https:\/\/stomatolog-muskic.hr\/?page_id=6","title":{"rendered":"O nama"},"content":{"rendered":"\t\t<div data-elementor-type=\"wp-page\" data-elementor-id=\"6\" class=\"elementor elementor-6\">\n\t\t\t\t\t\t<section class=\"elementor-section elementor-top-section elementor-element elementor-element-3afe224 elementor-section-boxed elementor-section-height-default elementor-section-height-default\" data-id=\"3afe224\" data-element_type=\"section\" data-e-type=\"section\">\n\t\t\t\t\t\t<div class=\"elementor-container elementor-column-gap-default\">\n\t\t\t\t\t<div class=\"elementor-column elementor-col-50 elementor-top-column elementor-element elementor-element-7a169bc\" data-id=\"7a169bc\" data-element_type=\"column\" data-e-type=\"column\">\n\t\t\t<div class=\"elementor-widget-wrap elementor-element-populated\">\n\t\t\t\t\t\t<div class=\"elementor-element elementor-element-08acede elementor-widget elementor-widget-cz_gap\" data-id=\"08acede\" data-element_type=\"widget\" data-e-type=\"widget\" data-widget_type=\"cz_gap.default\">\n\t\t\t\t<div class=\"elementor-widget-container\">\n\t\t\t\t\t<div class=\"cz_gap clr\"><\/div>\t\t\t\t<\/div>\n\t\t\t\t<\/div>\n\t\t\t\t<div class=\"elementor-element elementor-element-f82c5b9 elementor-widget elementor-widget-cz_title\" data-id=\"f82c5b9\" data-element_type=\"widget\" data-e-type=\"widget\" data-widget_type=\"cz_title.default\">\n\t\t\t\t<div class=\"elementor-widget-container\">\n\t\t\t\t\t\t\r\n\t\t<div>\r\n\t\t\t<div class=\"cz_title clr cz_mobile_text_center cz_title_pos_inline\"><div class=\"cz_title_content\"><div class=\"cz_wpe_content\"><h2><span style=\"color: #fb8469;\">O nama<\/span><\/h2><\/div><\/div><\/div>\r\n\t\t<\/div>\r\n\t\t\r\n\t\t\t\t\t\t<\/div>\n\t\t\t\t<\/div>\n\t\t\t\t<div class=\"elementor-element elementor-element-8b90118 elementor-widget elementor-widget-cz_gap\" data-id=\"8b90118\" data-element_type=\"widget\" data-e-type=\"widget\" data-widget_type=\"cz_gap.default\">\n\t\t\t\t<div class=\"elementor-widget-container\">\n\t\t\t\t\t<div class=\"cz_gap clr\"><\/div>\t\t\t\t<\/div>\n\t\t\t\t<\/div>\n\t\t\t\t<div class=\"elementor-element elementor-element-089d680 elementor-widget elementor-widget-cz_title\" data-id=\"089d680\" data-element_type=\"widget\" data-e-type=\"widget\" data-widget_type=\"cz_title.default\">\n\t\t\t\t<div class=\"elementor-widget-container\">\n\t\t\t\t\t\t\r\n\t\t<div>\r\n\t\t\t<div class=\"cz_title clr cz_mobile_text_center cz_title_pos_inline\"><div class=\"cz_title_content\"><div class=\"cz_wpe_content\"><h3 style=\"text-align: justify;\" data-start=\"215\" data-end=\"265\"><span style=\"color: #fb8469;\">Cjelovita stomatolo\u0161ka skrb za cijelu obitelj<br \/><\/span><\/h3><p style=\"text-align: justify;\">U Ordinaciji dentalne medicine Sergea pru\u017eamo cjelovitu stomatolo\u0161ku skrb na jednom mjestu, uz naglasak na prevenciju i dugoro\u010dno o\u010duvanje oralnog zdravlja. Brinemo o pacijentima svih generacija \u2013 od djece do odraslih \u2013 kroz redovite preglede, profesionalno \u010di\u0161\u0107enje zuba, sanaciju karijesa i lije\u010denje zuba, va\u0111enje zuba te druge terapijske i kirur\u0161ke zahvate.<\/p><h3 style=\"text-align: justify;\" data-start=\"629\" data-end=\"672\"><span style=\"color: #fb8469;\">Individualan i holisti\u010dki pristup<br \/><\/span><\/h3><p style=\"text-align: justify;\" data-start=\"673\" data-end=\"988\">U holisti\u010dkoj stomatologiji zubi nisu odvojeni od tijela. Svaki pacijent je jedinstven, zato terapiji pristupamo individualno. Kroz temeljitu dijagnostiku i razgovor planiramo terapiju koja je u skladu s va\u0161im potrebama te podr\u017eava zdravlje cijelog organizma.<\/p><h3 style=\"text-align: justify;\" data-start=\"990\" data-end=\"1027\"><span style=\"color: #fb8469;\">Nje\u017ena i suvremena stomatologija<br \/><\/span><\/h3><p style=\"text-align: justify;\" data-start=\"1028\" data-end=\"1322\">Primjenjujemo minimalno invazivne i bezbolne metode lije\u010denja, uz kori\u0161tenje moderne tehnologije i kvalitetnih materijala. Na\u0161 cilj je pru\u017eiti sigurnu, preciznu i dugotrajnu terapiju u ugodnom i opu\u0161tenom okru\u017eenju.<\/p><h3 style=\"text-align: justify;\" data-start=\"1324\" data-end=\"1376\"><span style=\"color: #fb8469;\">Dugoro\u010dno zdravlje i povjerenje<br \/><\/span><\/h3><p style=\"text-align: justify;\" data-start=\"1377\" data-end=\"1664\">Na\u0161 pristup temelji se na po\u0161tovanju zdravlja cijelog tijela. Usmjereni smo na prevenciju, stabilno oralno zdravlje i odnos povjerenja s pacijentima, kako bi zdrav i prirodan osmijeh bio dio svakodnevnog \u017eivota.<\/p><\/div><\/div><\/div>\r\n\t\t<\/div>\r\n\t\t\r\n\t\t\t\t\t\t<\/div>\n\t\t\t\t<\/div>\n\t\t\t\t\t<\/div>\n\t\t<\/div>\n\t\t\t\t<div class=\"elementor-column elementor-col-50 elementor-top-column elementor-element elementor-element-8588898\" data-id=\"8588898\" data-element_type=\"column\" data-e-type=\"column\">\n\t\t\t<div class=\"elementor-widget-wrap elementor-element-populated\">\n\t\t\t\t\t\t<div class=\"elementor-element elementor-element-59a59fe elementor-widget elementor-widget-cz_image\" data-id=\"59a59fe\" data-element_type=\"widget\" data-e-type=\"widget\" data-widget_type=\"cz_image.default\">\n\t\t\t\t<div class=\"elementor-widget-container\">\n\t\t\t\t\t\r\n\t\t<div class=\"cz_image clr cz_image_no_fx center_on_mobile\" data-position=\"\">\r\n\r\n\t\t\t<div>\r\n\r\n\t\t\t\t<div class=\"cz_image_in\">\r\n\r\n\t\t\t\t\t<div class=\"cz_main_image\"><img fetchpriority=\"high\" decoding=\"async\" loading=\"eager\" data-no-lazy=\"1\" width=\"2560\" height=\"1927\" src=\"https:\/\/stomatolog-muskic.hr\/wp-content\/uploads\/2026\/01\/DSC_1796-izrezak-scaled.jpg\" class=\"attachment-full size-full wp-image-2640\" alt=\"DSC 1796 izrezak scaled\" srcset=\"https:\/\/stomatolog-muskic.hr\/wp-content\/uploads\/2026\/01\/DSC_1796-izrezak-scaled.jpg 2560w, https:\/\/stomatolog-muskic.hr\/wp-content\/uploads\/2026\/01\/DSC_1796-izrezak-300x226.jpg 300w, https:\/\/stomatolog-muskic.hr\/wp-content\/uploads\/2026\/01\/DSC_1796-izrezak-1024x771.jpg 1024w, https:\/\/stomatolog-muskic.hr\/wp-content\/uploads\/2026\/01\/DSC_1796-izrezak-768x578.jpg 768w, https:\/\/stomatolog-muskic.hr\/wp-content\/uploads\/2026\/01\/DSC_1796-izrezak-1536x1156.jpg 1536w, https:\/\/stomatolog-muskic.hr\/wp-content\/uploads\/2026\/01\/DSC_1796-izrezak-2048x1542.jpg 2048w, https:\/\/stomatolog-muskic.hr\/wp-content\/uploads\/2026\/01\/DSC_1796-izrezak-600x452.jpg 600w\" sizes=\"(max-width: 2560px) 100vw, 2560px\" \/><\/div>\r\n\r\n\t\t\t\t\t\r\n\t\t\t\t<\/div>\r\n\r\n\t\t\t\t\r\n\t\t\t<\/div>\r\n\r\n\t\t<\/div>\r\n\r\n\t\t\t\t\t<\/div>\n\t\t\t\t<\/div>\n\t\t\t\t\t<\/div>\n\t\t<\/div>\n\t\t\t\t\t<\/div>\n\t\t<\/section>\n\t\t<div class=\"elementor-element elementor-element-5e6ecf6 e-flex e-con-boxed e-con e-parent\" data-id=\"5e6ecf6\" data-element_type=\"container\" data-e-type=\"container\">\n\t\t\t\t\t<div class=\"e-con-inner\">\n\t\t\t\t<div class=\"elementor-element elementor-element-24d5ac2 elementor-widget elementor-widget-cz_gap\" data-id=\"24d5ac2\" data-element_type=\"widget\" data-e-type=\"widget\" data-widget_type=\"cz_gap.default\">\n\t\t\t\t<div class=\"elementor-widget-container\">\n\t\t\t\t\t<div class=\"cz_gap clr\"><\/div>\t\t\t\t<\/div>\n\t\t\t\t<\/div>\n\t\t\t\t<div class=\"elementor-element elementor-element-85c624f elementor-widget elementor-widget-cz_title\" data-id=\"85c624f\" data-element_type=\"widget\" data-e-type=\"widget\" data-widget_type=\"cz_title.default\">\n\t\t\t\t<div class=\"elementor-widget-container\">\n\t\t\t\t\t\t\r\n\t\t<div>\r\n\t\t\t<div class=\"cz_title clr cz_mobile_text_center cz_title_pos_inline\"><div class=\"cz_title_content\"><div class=\"cz_wpe_content\"><h2><span style=\"color: #fb8469;\">OVO SMO MI<\/span><\/h2><\/div><\/div><\/div>\r\n\t\t<\/div>\r\n\t\t\r\n\t\t\t\t\t\t<\/div>\n\t\t\t\t<\/div>\n\t\t\t\t<div class=\"elementor-element elementor-element-7ce5168 elementor-widget elementor-widget-cz_gap\" data-id=\"7ce5168\" data-element_type=\"widget\" data-e-type=\"widget\" data-widget_type=\"cz_gap.default\">\n\t\t\t\t<div class=\"elementor-widget-container\">\n\t\t\t\t\t<div class=\"cz_gap clr\"><\/div>\t\t\t\t<\/div>\n\t\t\t\t<\/div>\n\t\t\t\t\t<\/div>\n\t\t\t\t<\/div>\n\t\t<div class=\"elementor-element elementor-element-41fe59a e-flex e-con-boxed e-con e-parent\" data-id=\"41fe59a\" data-element_type=\"container\" data-e-type=\"container\">\n\t\t\t\t\t<div class=\"e-con-inner\">\n\t\t<div class=\"elementor-element elementor-element-5fb2339 e-con-full e-flex e-con e-child\" data-id=\"5fb2339\" data-element_type=\"container\" data-e-type=\"container\">\n\t\t\t\t<div class=\"elementor-element elementor-element-0b58e18 elementor-widget elementor-widget-cz_image\" data-id=\"0b58e18\" data-element_type=\"widget\" data-e-type=\"widget\" data-widget_type=\"cz_image.default\">\n\t\t\t\t<div class=\"elementor-widget-container\">\n\t\t\t\t\t\r\n\t\t<div class=\"cz_image clr cz_image_no_fx center_on_mobile xtra-image-full-width\" data-position=\"\">\r\n\r\n\t\t\t<div>\r\n\r\n\t\t\t\t<div class=\"cz_image_in\">\r\n\r\n\t\t\t\t\t<div class=\"cz_main_image\"><img loading=\"lazy\" decoding=\"async\" width=\"848\" height=\"1200\" src=\"https:\/\/stomatolog-muskic.hr\/wp-content\/uploads\/2026\/01\/sergea.jpg\" class=\"attachment-full size-full wp-image-2641\" alt=\"Sergea\" loading=\"lazy\" srcset=\"https:\/\/stomatolog-muskic.hr\/wp-content\/uploads\/2026\/01\/sergea.jpg 848w, https:\/\/stomatolog-muskic.hr\/wp-content\/uploads\/2026\/01\/sergea-212x300.jpg 212w, https:\/\/stomatolog-muskic.hr\/wp-content\/uploads\/2026\/01\/sergea-724x1024.jpg 724w, https:\/\/stomatolog-muskic.hr\/wp-content\/uploads\/2026\/01\/sergea-768x1087.jpg 768w, https:\/\/stomatolog-muskic.hr\/wp-content\/uploads\/2026\/01\/sergea-600x849.jpg 600w\" sizes=\"auto, (max-width: 848px) 100vw, 848px\" \/><\/div>\r\n\r\n\t\t\t\t\t\r\n\t\t\t\t<\/div>\r\n\r\n\t\t\t\t<div class=\"cz_image_caption mt10 cz_wpe_content\"><p>Sergea<br \/>dr.med.dent.<\/p><\/div>\r\n\t\t\t<\/div>\r\n\r\n\t\t<\/div>\r\n\r\n\t\t\t\t\t<\/div>\n\t\t\t\t<\/div>\n\t\t\t\t<\/div>\n\t\t<div class=\"elementor-element elementor-element-8758627 e-con-full e-flex e-con e-child\" data-id=\"8758627\" data-element_type=\"container\" data-e-type=\"container\">\n\t\t\t\t<div class=\"elementor-element elementor-element-d955379 elementor-widget elementor-widget-cz_image\" data-id=\"d955379\" data-element_type=\"widget\" data-e-type=\"widget\" data-widget_type=\"cz_image.default\">\n\t\t\t\t<div class=\"elementor-widget-container\">\n\t\t\t\t\t\r\n\t\t<div class=\"cz_image clr cz_image_no_fx center_on_mobile xtra-image-full-width\" data-position=\"\">\r\n\r\n\t\t\t<div>\r\n\r\n\t\t\t\t<div class=\"cz_image_in\">\r\n\r\n\t\t\t\t\t<div class=\"cz_main_image\"><img loading=\"lazy\" decoding=\"async\" width=\"848\" height=\"1200\" src=\"https:\/\/stomatolog-muskic.hr\/wp-content\/uploads\/2026\/01\/ana.jpg\" class=\"attachment-full size-full wp-image-2642\" alt=\"Ana\" loading=\"lazy\" srcset=\"https:\/\/stomatolog-muskic.hr\/wp-content\/uploads\/2026\/01\/ana.jpg 848w, https:\/\/stomatolog-muskic.hr\/wp-content\/uploads\/2026\/01\/ana-212x300.jpg 212w, https:\/\/stomatolog-muskic.hr\/wp-content\/uploads\/2026\/01\/ana-724x1024.jpg 724w, https:\/\/stomatolog-muskic.hr\/wp-content\/uploads\/2026\/01\/ana-768x1087.jpg 768w, https:\/\/stomatolog-muskic.hr\/wp-content\/uploads\/2026\/01\/ana-600x849.jpg 600w\" sizes=\"auto, (max-width: 848px) 100vw, 848px\" \/><\/div>\r\n\r\n\t\t\t\t\t\r\n\t\t\t\t<\/div>\r\n\r\n\t\t\t\t<div class=\"cz_image_caption mt10 cz_wpe_content\"><p>Ana<br \/>dr.med.dent.<\/p><\/div>\r\n\t\t\t<\/div>\r\n\r\n\t\t<\/div>\r\n\r\n\t\t\t\t\t<\/div>\n\t\t\t\t<\/div>\n\t\t\t\t<\/div>\n\t\t<div class=\"elementor-element elementor-element-54b40b7 e-con-full e-flex e-con e-child\" data-id=\"54b40b7\" data-element_type=\"container\" data-e-type=\"container\">\n\t\t\t\t<div class=\"elementor-element elementor-element-1d6f8d4 elementor-widget elementor-widget-cz_image\" data-id=\"1d6f8d4\" data-element_type=\"widget\" data-e-type=\"widget\" data-widget_type=\"cz_image.default\">\n\t\t\t\t<div class=\"elementor-widget-container\">\n\t\t\t\t\t\r\n\t\t<div class=\"cz_image clr cz_image_no_fx center_on_mobile xtra-image-full-width\" data-position=\"\">\r\n\r\n\t\t\t<div>\r\n\r\n\t\t\t\t<div class=\"cz_image_in\">\r\n\r\n\t\t\t\t\t<div class=\"cz_main_image\"><img loading=\"lazy\" decoding=\"async\" width=\"848\" height=\"1200\" src=\"https:\/\/stomatolog-muskic.hr\/wp-content\/uploads\/2026\/01\/dorotea.jpg\" class=\"attachment-full size-full wp-image-2649\" alt=\"Dorotea\" loading=\"lazy\" srcset=\"https:\/\/stomatolog-muskic.hr\/wp-content\/uploads\/2026\/01\/dorotea.jpg 848w, https:\/\/stomatolog-muskic.hr\/wp-content\/uploads\/2026\/01\/dorotea-212x300.jpg 212w, https:\/\/stomatolog-muskic.hr\/wp-content\/uploads\/2026\/01\/dorotea-724x1024.jpg 724w, https:\/\/stomatolog-muskic.hr\/wp-content\/uploads\/2026\/01\/dorotea-768x1087.jpg 768w, https:\/\/stomatolog-muskic.hr\/wp-content\/uploads\/2026\/01\/dorotea-600x849.jpg 600w\" sizes=\"auto, (max-width: 848px) 100vw, 848px\" \/><\/div>\r\n\r\n\t\t\t\t\t\r\n\t\t\t\t<\/div>\r\n\r\n\t\t\t\t<div class=\"cz_image_caption mt10 cz_wpe_content\"><p>Dorotea<br \/>dent. asistentica<\/p><\/div>\r\n\t\t\t<\/div>\r\n\r\n\t\t<\/div>\r\n\r\n\t\t\t\t\t<\/div>\n\t\t\t\t<\/div>\n\t\t\t\t<\/div>\n\t\t<div class=\"elementor-element elementor-element-1011aad e-con-full e-flex e-con e-child\" data-id=\"1011aad\" data-element_type=\"container\" data-e-type=\"container\">\n\t\t\t\t<div class=\"elementor-element elementor-element-e17e42b elementor-widget elementor-widget-cz_image\" data-id=\"e17e42b\" data-element_type=\"widget\" data-e-type=\"widget\" data-widget_type=\"cz_image.default\">\n\t\t\t\t<div class=\"elementor-widget-container\">\n\t\t\t\t\t\r\n\t\t<div class=\"cz_image clr cz_image_no_fx center_on_mobile xtra-image-full-width\" data-position=\"\">\r\n\r\n\t\t\t<div>\r\n\r\n\t\t\t\t<div class=\"cz_image_in\">\r\n\r\n\t\t\t\t\t<div class=\"cz_main_image\"><img loading=\"lazy\" decoding=\"async\" width=\"848\" height=\"1200\" src=\"https:\/\/stomatolog-muskic.hr\/wp-content\/uploads\/2026\/01\/romana.jpg\" class=\"attachment-full size-full wp-image-2650\" alt=\"Romana\" loading=\"lazy\" srcset=\"https:\/\/stomatolog-muskic.hr\/wp-content\/uploads\/2026\/01\/romana.jpg 848w, https:\/\/stomatolog-muskic.hr\/wp-content\/uploads\/2026\/01\/romana-212x300.jpg 212w, https:\/\/stomatolog-muskic.hr\/wp-content\/uploads\/2026\/01\/romana-724x1024.jpg 724w, https:\/\/stomatolog-muskic.hr\/wp-content\/uploads\/2026\/01\/romana-768x1087.jpg 768w, https:\/\/stomatolog-muskic.hr\/wp-content\/uploads\/2026\/01\/romana-600x849.jpg 600w\" sizes=\"auto, (max-width: 848px) 100vw, 848px\" \/><\/div>\r\n\r\n\t\t\t\t\t\r\n\t\t\t\t<\/div>\r\n\r\n\t\t\t\t<div class=\"cz_image_caption mt10 cz_wpe_content\"><p>Romana<br \/>dent. tehni\u010darka<br \/>dent. asistentica<\/p><\/div>\r\n\t\t\t<\/div>\r\n\r\n\t\t<\/div>\r\n\r\n\t\t\t\t\t<\/div>\n\t\t\t\t<\/div>\n\t\t\t\t<\/div>\n\t\t\t\t\t<\/div>\n\t\t\t\t<\/div>\n\t\t\t\t<\/div>\n\t\t","protected":false},"excerpt":{"rendered":"<p>O nama Cjelovita stomatolo\u0161ka skrb za cijelu obitelj U Ordinaciji dentalne &#8230; <\/p>\n","protected":false},"author":7,"featured_media":0,"parent":0,"menu_order":0,"comment_status":"closed","ping_status":"closed","template":"","meta":{"footnotes":""},"class_list":["post-6","page","type-page","status-publish","hentry"],"_links":{"self":[{"href":"https:\/\/stomatolog-muskic.hr\/index.php?rest_route=\/wp\/v2\/pages\/6","targetHints":{"allow":["GET"]}}],"collection":[{"href":"https:\/\/stomatolog-muskic.hr\/index.php?rest_route=\/wp\/v2\/pages"}],"about":[{"href":"https:\/\/stomatolog-muskic.hr\/index.php?rest_route=\/wp\/v2\/types\/page"}],"author":[{"embeddable":true,"href":"https:\/\/stomatolog-muskic.hr\/index.php?rest_route=\/wp\/v2\/users\/7"}],"replies":[{"embeddable":true,"href":"https:\/\/stomatolog-muskic.hr\/index.php?rest_route=%2Fwp%2Fv2%2Fcomments&post=6"}],"version-history":[{"count":0,"href":"https:\/\/stomatolog-muskic.hr\/index.php?rest_route=\/wp\/v2\/pages\/6\/revisions"}],"wp:attachment":[{"href":"https:\/\/stomatolog-muskic.hr\/index.php?rest_route=%2Fwp%2Fv2%2Fmedia&parent=6"}],"curies":[{"name":"wp","href":"https:\/\/api.w.org\/{rel}","templated":true}]}}