{"id":2904,"date":"2026-03-25T20:42:41","date_gmt":"2026-03-25T19:42:41","guid":{"rendered":"https:\/\/stomatolog-muskic.hr\/?page_id=2904"},"modified":"2026-03-26T15:19:46","modified_gmt":"2026-03-26T14:19:46","slug":"ganzheitlicher-ansatz","status":"publish","type":"page","link":"https:\/\/stomatolog-muskic.hr\/?page_id=2904&lang=de","title":{"rendered":"Ganzheitlicher Ansatz"},"content":{"rendered":"\t\t<div data-elementor-type=\"wp-page\" data-elementor-id=\"2904\" class=\"elementor elementor-2904\">\n\t\t\t\t<div class=\"elementor-element elementor-element-f583d5d e-grid e-con-boxed e-con e-parent\" data-id=\"f583d5d\" data-element_type=\"container\" data-e-type=\"container\">\n\t\t\t\t\t<div class=\"e-con-inner\">\n\t\t<div class=\"elementor-element elementor-element-a4a5a18 e-con-full e-flex e-con e-child\" data-id=\"a4a5a18\" data-element_type=\"container\" data-e-type=\"container\">\n\t\t\t\t<div class=\"elementor-element elementor-element-bd6967b elementor-widget elementor-widget-cz_gap\" data-id=\"bd6967b\" data-element_type=\"widget\" data-e-type=\"widget\" data-widget_type=\"cz_gap.default\">\n\t\t\t\t<div class=\"elementor-widget-container\">\n\t\t\t\t\t<div class=\"cz_gap clr\"><\/div>\t\t\t\t<\/div>\n\t\t\t\t<\/div>\n\t\t\t\t<div class=\"elementor-element elementor-element-b246b3f elementor-widget elementor-widget-cz_title\" data-id=\"b246b3f\" data-element_type=\"widget\" data-e-type=\"widget\" data-widget_type=\"cz_title.default\">\n\t\t\t\t<div class=\"elementor-widget-container\">\n\t\t\t\t\t\t\r\n\t\t<div>\r\n\t\t\t<div class=\"cz_title clr cz_title_pos_inline\"><div class=\"cz_title_content\"><div class=\"cz_wpe_content\"><p style=\"text-align: justify;\" data-start=\"2005\" data-end=\"2361\">In unserer Praxis pflegen wir einen ganzheitlichen Ansatz in der Zahnmedizin, bei dem die Zahngesundheit als wichtiger Bestandteil der allgemeinen Gesundheit und des Wohlbefindens des Patienten betrachtet wird. Neben Diagnostik und Therapie legen wir gro\u00dfen Wert auf Pr\u00e4vention, gesunde Lebensgewohnheiten und die langfristige Erhaltung der Mundgesundheit.<br \/><br \/>Unser Ziel ist ein gesundes L\u00e4cheln, das die Gesundheit des gesamten K\u00f6rpers unterst\u00fctzt. Ein ganzheitlicher Ansatz bedeutet f\u00fcr uns, die Z\u00e4hne unter Ber\u00fccksichtigung des gesamten K\u00f6rpers, Ihrer Lebensgewohnheiten, der Mundhygiene und der Ern\u00e4hrung zu behandeln. Ern\u00e4hrungsgewohnheiten sowie Muster beim Kauen, Atmen oder Schlucken k\u00f6nnen langfristig die Entwicklung und Stabilit\u00e4t des stomatognathen Systems beeinflussen.<br \/><br \/>Wir legen gro\u00dfen Wert auf Pr\u00e4vention \u2013 auf die rechtzeitige Erkennung von Faktoren, die die Mundgesundheit beeinflussen k\u00f6nnen. Dadurch erm\u00f6glichen wir ein pr\u00e4ventives Handeln und die Erhaltung eines gesunden L\u00e4chelns. Wir behandeln nicht nur Symptome, sondern suchen nach der Ursache des Problems, um die Gesundheit des gesamten Organismus zu unterst\u00fctzen.<br \/><br \/>Besondere Aufmerksamkeit widmen wir auch der sicheren Entfernung von Amalgamf\u00fcllungen. Im Bewusstsein m\u00f6glicher Auswirkungen von Amalgam auf den K\u00f6rper f\u00fchren wir die Entfernung unter Anwendung von Schutzprotokollen durch, die maximale Sicherheit f\u00fcr den Patienten und das zahnmedizinische Team gew\u00e4hrleisten. Unser Ansatz basiert auf modernen Richtlinien, die die Belastung minimieren und die allgemeine Gesundheit unterst\u00fctzen.<br \/><br \/>Die Grundlage f\u00fcr gesunde Z\u00e4hne und gesundes Zahnfleisch ist eine richtige und regelm\u00e4\u00dfige Mundhygiene. Durch t\u00e4gliche Pflege der Mundh\u00f6hle und regelm\u00e4\u00dfige zahn\u00e4rztliche Kontrollen k\u00f6nnen Karies, Zahnfleischerkrankungen und andere orale Probleme wirksam verhindert werden.<br \/><br \/>Jedem Patienten begegnen wir individuell, mit Aufmerksamkeit und Verst\u00e4ndnis, und w\u00e4hlen sichere, schonende und langfristig vorteilhafte Behandlungsmethoden. Besonderen Wert legen wir auch auf das Wohlbefinden unserer Patienten \u2013 wir m\u00f6chten, dass Sie sich bei uns sicher, verstanden und entspannt f\u00fchlen.<br \/><br \/>Durch einen individuellen Ansatz, klare Kommunikation, fachliche Kompetenz und eine angenehme Atmosph\u00e4re bem\u00fchen wir uns, jeden Besuch zu einem positiven Erlebnis zu machen und gleichzeitig die langfristige Mundgesundheit und ein nat\u00fcrliches L\u00e4cheln zu erhalten.<\/p><\/div><\/div><\/div>\r\n\t\t<\/div>\r\n\t\t\r\n\t\t\t\t\t\t<\/div>\n\t\t\t\t<\/div>\n\t\t\t\t<\/div>\n\t\t\t\t<div class=\"elementor-element elementor-element-1620476 elementor-widget elementor-widget-cz_image\" data-id=\"1620476\" data-element_type=\"widget\" data-e-type=\"widget\" data-widget_type=\"cz_image.default\">\n\t\t\t\t<div class=\"elementor-widget-container\">\n\t\t\t\t\t\r\n\t\t<div class=\"cz_image clr cz_image_no_fx center_on_mobile\" data-position=\"\">\r\n\r\n\t\t\t<div>\r\n\r\n\t\t\t\t<div class=\"cz_image_in\">\r\n\r\n\t\t\t\t\t<div class=\"cz_main_image\"><img fetchpriority=\"high\" decoding=\"async\" loading=\"eager\" data-no-lazy=\"1\" width=\"2560\" height=\"1707\" src=\"https:\/\/stomatolog-muskic.hr\/wp-content\/uploads\/2026\/03\/DSC_1427-scaled.jpg\" class=\"attachment-full size-full wp-image-2833\" alt=\"DSC 1427 scaled\" srcset=\"https:\/\/stomatolog-muskic.hr\/wp-content\/uploads\/2026\/03\/DSC_1427-scaled.jpg 2560w, https:\/\/stomatolog-muskic.hr\/wp-content\/uploads\/2026\/03\/DSC_1427-300x200.jpg 300w, https:\/\/stomatolog-muskic.hr\/wp-content\/uploads\/2026\/03\/DSC_1427-1024x683.jpg 1024w, https:\/\/stomatolog-muskic.hr\/wp-content\/uploads\/2026\/03\/DSC_1427-768x512.jpg 768w, https:\/\/stomatolog-muskic.hr\/wp-content\/uploads\/2026\/03\/DSC_1427-1536x1024.jpg 1536w, https:\/\/stomatolog-muskic.hr\/wp-content\/uploads\/2026\/03\/DSC_1427-2048x1365.jpg 2048w, https:\/\/stomatolog-muskic.hr\/wp-content\/uploads\/2026\/03\/DSC_1427-600x400.jpg 600w\" sizes=\"(max-width: 2560px) 100vw, 2560px\" \/><\/div>\r\n\r\n\t\t\t\t\t\r\n\t\t\t\t<\/div>\r\n\r\n\t\t\t\t\r\n\t\t\t<\/div>\r\n\r\n\t\t<\/div>\r\n\r\n\t\t\t\t\t<\/div>\n\t\t\t\t<\/div>\n\t\t\t\t\t<\/div>\n\t\t\t\t<\/div>\n\t\t\t\t<\/div>\n\t\t","protected":false},"excerpt":{"rendered":"<p>In unserer Praxis pflegen wir einen ganzheitlichen Ansatz in der Zahnmedizin, &#8230; <\/p>\n","protected":false},"author":7,"featured_media":0,"parent":0,"menu_order":0,"comment_status":"closed","ping_status":"closed","template":"","meta":{"footnotes":""},"class_list":["post-2904","page","type-page","status-publish","hentry"],"_links":{"self":[{"href":"https:\/\/stomatolog-muskic.hr\/index.php?rest_route=\/wp\/v2\/pages\/2904","targetHints":{"allow":["GET"]}}],"collection":[{"href":"https:\/\/stomatolog-muskic.hr\/index.php?rest_route=\/wp\/v2\/pages"}],"about":[{"href":"https:\/\/stomatolog-muskic.hr\/index.php?rest_route=\/wp\/v2\/types\/page"}],"author":[{"embeddable":true,"href":"https:\/\/stomatolog-muskic.hr\/index.php?rest_route=\/wp\/v2\/users\/7"}],"replies":[{"embeddable":true,"href":"https:\/\/stomatolog-muskic.hr\/index.php?rest_route=%2Fwp%2Fv2%2Fcomments&post=2904"}],"version-history":[{"count":0,"href":"https:\/\/stomatolog-muskic.hr\/index.php?rest_route=\/wp\/v2\/pages\/2904\/revisions"}],"wp:attachment":[{"href":"https:\/\/stomatolog-muskic.hr\/index.php?rest_route=%2Fwp%2Fv2%2Fmedia&parent=2904"}],"curies":[{"name":"wp","href":"https:\/\/api.w.org\/{rel}","templated":true}]}}