{"id":2891,"date":"2026-03-25T20:34:10","date_gmt":"2026-03-25T19:34:10","guid":{"rendered":"https:\/\/stomatolog-muskic.hr\/?page_id=2891"},"modified":"2026-03-26T15:20:13","modified_gmt":"2026-03-26T14:20:13","slug":"ueber-uns","status":"publish","type":"page","link":"https:\/\/stomatolog-muskic.hr\/?page_id=2891&lang=de","title":{"rendered":"\u00dcber uns"},"content":{"rendered":"\t\t<div data-elementor-type=\"wp-page\" data-elementor-id=\"2891\" class=\"elementor elementor-2891\">\n\t\t\t\t\t\t<section class=\"elementor-section elementor-top-section elementor-element elementor-element-3afe224 elementor-section-boxed elementor-section-height-default elementor-section-height-default\" data-id=\"3afe224\" data-element_type=\"section\" data-e-type=\"section\">\n\t\t\t\t\t\t<div class=\"elementor-container elementor-column-gap-default\">\n\t\t\t\t\t<div class=\"elementor-column elementor-col-50 elementor-top-column elementor-element elementor-element-7a169bc\" data-id=\"7a169bc\" data-element_type=\"column\" data-e-type=\"column\">\n\t\t\t<div class=\"elementor-widget-wrap elementor-element-populated\">\n\t\t\t\t\t\t<div class=\"elementor-element elementor-element-08acede elementor-widget elementor-widget-cz_gap\" data-id=\"08acede\" data-element_type=\"widget\" data-e-type=\"widget\" data-widget_type=\"cz_gap.default\">\n\t\t\t\t<div class=\"elementor-widget-container\">\n\t\t\t\t\t<div class=\"cz_gap clr\"><\/div>\t\t\t\t<\/div>\n\t\t\t\t<\/div>\n\t\t\t\t<div class=\"elementor-element elementor-element-f82c5b9 elementor-widget elementor-widget-cz_title\" data-id=\"f82c5b9\" data-element_type=\"widget\" data-e-type=\"widget\" data-widget_type=\"cz_title.default\">\n\t\t\t\t<div class=\"elementor-widget-container\">\n\t\t\t\t\t\t\r\n\t\t<div>\r\n\t\t\t<div class=\"cz_title clr cz_mobile_text_center cz_title_pos_inline\"><div class=\"cz_title_content\"><div class=\"cz_wpe_content\"><h2><span style=\"color: #fb8469;\">\u00dcber uns<\/span><\/h2><\/div><\/div><\/div>\r\n\t\t<\/div>\r\n\t\t\r\n\t\t\t\t\t\t<\/div>\n\t\t\t\t<\/div>\n\t\t\t\t<div class=\"elementor-element elementor-element-8b90118 elementor-widget elementor-widget-cz_gap\" data-id=\"8b90118\" data-element_type=\"widget\" data-e-type=\"widget\" data-widget_type=\"cz_gap.default\">\n\t\t\t\t<div class=\"elementor-widget-container\">\n\t\t\t\t\t<div class=\"cz_gap clr\"><\/div>\t\t\t\t<\/div>\n\t\t\t\t<\/div>\n\t\t\t\t<div class=\"elementor-element elementor-element-089d680 elementor-widget elementor-widget-cz_title\" data-id=\"089d680\" data-element_type=\"widget\" data-e-type=\"widget\" data-widget_type=\"cz_title.default\">\n\t\t\t\t<div class=\"elementor-widget-container\">\n\t\t\t\t\t\t\r\n\t\t<div>\r\n\t\t\t<div class=\"cz_title clr cz_mobile_text_center cz_title_pos_inline\"><div class=\"cz_title_content\"><div class=\"cz_wpe_content\"><h3 style=\"text-align: justify;\" data-start=\"215\" data-end=\"265\"><span style=\"color: #fb8469;\">Umfassende zahnmedizinische Versorgung f\u00fcr die ganze Familie<br \/><\/span><\/h3><p style=\"text-align: justify;\">In der Zahnarztpraxis Sergea bieten wir eine umfassende zahnmedizinische Versorgung an einem Ort, mit besonderem Fokus auf Pr\u00e4vention und die langfristige Erhaltung der Mundgesundheit. Wir betreuen Patienten aller Generationen \u2013 von Kindern bis zu Erwachsenen \u2013 durch regelm\u00e4\u00dfige Kontrollen, professionelle Zahnreinigung, Kariesbehandlung und Zahnerhaltung, Zahnextraktionen sowie weitere therapeutische und chirurgische Eingriffe.<\/p><h3 style=\"text-align: justify;\" data-start=\"629\" data-end=\"672\"><span style=\"color: #fb8469;\">Individueller und ganzheitlicher Ansatz<br \/><\/span><\/h3><p style=\"text-align: justify;\" data-start=\"673\" data-end=\"988\">In der ganzheitlichen Zahnmedizin werden die Z\u00e4hne nicht vom K\u00f6rper getrennt betrachtet. Jeder Patient ist einzigartig, daher gestalten wir jede Therapie individuell. Durch eine gr\u00fcndliche Diagnostik und pers\u00f6nliche Beratung erstellen wir einen Behandlungsplan, der auf Ihre Bed\u00fcrfnisse abgestimmt ist und die Gesundheit des gesamten Organismus unterst\u00fctzt.<\/p><h3 style=\"text-align: justify;\" data-start=\"990\" data-end=\"1027\"><span style=\"color: #fb8469;\">Schonende und moderne Zahnmedizin<br \/><\/span><\/h3><p style=\"text-align: justify;\" data-start=\"1028\" data-end=\"1322\">Wir setzen auf minimalinvasive und schmerzfreie Behandlungsmethoden unter Einsatz moderner Technologien und hochwertiger Materialien. Unser Ziel ist es, sichere, pr\u00e4zise und langfristige L\u00f6sungen in einer angenehmen und entspannten Umgebung zu bieten.<\/p><h3 style=\"text-align: justify;\" data-start=\"1324\" data-end=\"1376\"><span style=\"color: #fb8469;\">Langfristige Gesundheit und Vertrauen<br \/><\/span><\/h3><p style=\"text-align: justify;\" data-start=\"1377\" data-end=\"1664\">Unser Ansatz basiert auf dem Respekt f\u00fcr die Gesundheit des gesamten K\u00f6rpers. Wir legen gro\u00dfen Wert auf Pr\u00e4vention, stabile Mundgesundheit und ein vertrauensvolles Verh\u00e4ltnis zu unseren Patienten, damit ein gesundes und nat\u00fcrliches L\u00e4cheln ein Teil Ihres Alltags wird.<\/p><\/div><\/div><\/div>\r\n\t\t<\/div>\r\n\t\t\r\n\t\t\t\t\t\t<\/div>\n\t\t\t\t<\/div>\n\t\t\t\t\t<\/div>\n\t\t<\/div>\n\t\t\t\t<div class=\"elementor-column elementor-col-50 elementor-top-column elementor-element elementor-element-8588898\" data-id=\"8588898\" data-element_type=\"column\" data-e-type=\"column\">\n\t\t\t<div class=\"elementor-widget-wrap elementor-element-populated\">\n\t\t\t\t\t\t<div class=\"elementor-element elementor-element-59a59fe elementor-widget elementor-widget-cz_image\" data-id=\"59a59fe\" data-element_type=\"widget\" data-e-type=\"widget\" data-widget_type=\"cz_image.default\">\n\t\t\t\t<div class=\"elementor-widget-container\">\n\t\t\t\t\t\r\n\t\t<div class=\"cz_image clr cz_image_no_fx center_on_mobile\" data-position=\"\">\r\n\r\n\t\t\t<div>\r\n\r\n\t\t\t\t<div class=\"cz_image_in\">\r\n\r\n\t\t\t\t\t<div class=\"cz_main_image\"><img fetchpriority=\"high\" decoding=\"async\" loading=\"eager\" data-no-lazy=\"1\" width=\"2560\" height=\"1927\" src=\"https:\/\/stomatolog-muskic.hr\/wp-content\/uploads\/2026\/01\/DSC_1796-izrezak-scaled.jpg\" class=\"attachment-full size-full wp-image-2640\" alt=\"DSC 1796 izrezak scaled\" srcset=\"https:\/\/stomatolog-muskic.hr\/wp-content\/uploads\/2026\/01\/DSC_1796-izrezak-scaled.jpg 2560w, https:\/\/stomatolog-muskic.hr\/wp-content\/uploads\/2026\/01\/DSC_1796-izrezak-300x226.jpg 300w, https:\/\/stomatolog-muskic.hr\/wp-content\/uploads\/2026\/01\/DSC_1796-izrezak-1024x771.jpg 1024w, https:\/\/stomatolog-muskic.hr\/wp-content\/uploads\/2026\/01\/DSC_1796-izrezak-768x578.jpg 768w, https:\/\/stomatolog-muskic.hr\/wp-content\/uploads\/2026\/01\/DSC_1796-izrezak-1536x1156.jpg 1536w, https:\/\/stomatolog-muskic.hr\/wp-content\/uploads\/2026\/01\/DSC_1796-izrezak-2048x1542.jpg 2048w, https:\/\/stomatolog-muskic.hr\/wp-content\/uploads\/2026\/01\/DSC_1796-izrezak-600x452.jpg 600w\" sizes=\"(max-width: 2560px) 100vw, 2560px\" \/><\/div>\r\n\r\n\t\t\t\t\t\r\n\t\t\t\t<\/div>\r\n\r\n\t\t\t\t\r\n\t\t\t<\/div>\r\n\r\n\t\t<\/div>\r\n\r\n\t\t\t\t\t<\/div>\n\t\t\t\t<\/div>\n\t\t\t\t\t<\/div>\n\t\t<\/div>\n\t\t\t\t\t<\/div>\n\t\t<\/section>\n\t\t<div class=\"elementor-element elementor-element-5e6ecf6 e-flex e-con-boxed e-con e-parent\" data-id=\"5e6ecf6\" data-element_type=\"container\" data-e-type=\"container\">\n\t\t\t\t\t<div class=\"e-con-inner\">\n\t\t\t\t<div class=\"elementor-element elementor-element-24d5ac2 elementor-widget elementor-widget-cz_gap\" data-id=\"24d5ac2\" data-element_type=\"widget\" data-e-type=\"widget\" data-widget_type=\"cz_gap.default\">\n\t\t\t\t<div class=\"elementor-widget-container\">\n\t\t\t\t\t<div class=\"cz_gap clr\"><\/div>\t\t\t\t<\/div>\n\t\t\t\t<\/div>\n\t\t\t\t<div class=\"elementor-element elementor-element-85c624f elementor-widget elementor-widget-cz_title\" data-id=\"85c624f\" data-element_type=\"widget\" data-e-type=\"widget\" data-widget_type=\"cz_title.default\">\n\t\t\t\t<div class=\"elementor-widget-container\">\n\t\t\t\t\t\t\r\n\t\t<div>\r\n\t\t\t<div class=\"cz_title clr cz_mobile_text_center cz_title_pos_inline\"><div class=\"cz_title_content\"><div class=\"cz_wpe_content\"><h2><span style=\"color: #fb8469;\">DAS SIND WIR<\/span><\/h2><\/div><\/div><\/div>\r\n\t\t<\/div>\r\n\t\t\r\n\t\t\t\t\t\t<\/div>\n\t\t\t\t<\/div>\n\t\t\t\t<div class=\"elementor-element elementor-element-7ce5168 elementor-widget elementor-widget-cz_gap\" data-id=\"7ce5168\" data-element_type=\"widget\" data-e-type=\"widget\" data-widget_type=\"cz_gap.default\">\n\t\t\t\t<div class=\"elementor-widget-container\">\n\t\t\t\t\t<div class=\"cz_gap clr\"><\/div>\t\t\t\t<\/div>\n\t\t\t\t<\/div>\n\t\t\t\t\t<\/div>\n\t\t\t\t<\/div>\n\t\t<div class=\"elementor-element elementor-element-41fe59a e-flex e-con-boxed e-con e-parent\" data-id=\"41fe59a\" data-element_type=\"container\" data-e-type=\"container\">\n\t\t\t\t\t<div class=\"e-con-inner\">\n\t\t<div class=\"elementor-element elementor-element-5fb2339 e-con-full e-flex e-con e-child\" data-id=\"5fb2339\" data-element_type=\"container\" data-e-type=\"container\">\n\t\t\t\t<div class=\"elementor-element elementor-element-0b58e18 elementor-widget elementor-widget-cz_image\" data-id=\"0b58e18\" data-element_type=\"widget\" data-e-type=\"widget\" data-widget_type=\"cz_image.default\">\n\t\t\t\t<div class=\"elementor-widget-container\">\n\t\t\t\t\t\r\n\t\t<div class=\"cz_image clr cz_image_no_fx center_on_mobile xtra-image-full-width\" data-position=\"\">\r\n\r\n\t\t\t<div>\r\n\r\n\t\t\t\t<div class=\"cz_image_in\">\r\n\r\n\t\t\t\t\t<div class=\"cz_main_image\"><img loading=\"lazy\" decoding=\"async\" width=\"848\" height=\"1200\" src=\"https:\/\/stomatolog-muskic.hr\/wp-content\/uploads\/2026\/01\/sergea.jpg\" class=\"attachment-full size-full wp-image-2641\" alt=\"Sergea\" loading=\"lazy\" srcset=\"https:\/\/stomatolog-muskic.hr\/wp-content\/uploads\/2026\/01\/sergea.jpg 848w, https:\/\/stomatolog-muskic.hr\/wp-content\/uploads\/2026\/01\/sergea-212x300.jpg 212w, https:\/\/stomatolog-muskic.hr\/wp-content\/uploads\/2026\/01\/sergea-724x1024.jpg 724w, https:\/\/stomatolog-muskic.hr\/wp-content\/uploads\/2026\/01\/sergea-768x1087.jpg 768w, https:\/\/stomatolog-muskic.hr\/wp-content\/uploads\/2026\/01\/sergea-600x849.jpg 600w\" sizes=\"auto, (max-width: 848px) 100vw, 848px\" \/><\/div>\r\n\r\n\t\t\t\t\t\r\n\t\t\t\t<\/div>\r\n\r\n\t\t\t\t<div class=\"cz_image_caption mt10 cz_wpe_content\"><p>Sergea<br \/>dr.med.dent.<\/p><\/div>\r\n\t\t\t<\/div>\r\n\r\n\t\t<\/div>\r\n\r\n\t\t\t\t\t<\/div>\n\t\t\t\t<\/div>\n\t\t\t\t<\/div>\n\t\t<div class=\"elementor-element elementor-element-8758627 e-con-full e-flex e-con e-child\" data-id=\"8758627\" data-element_type=\"container\" data-e-type=\"container\">\n\t\t\t\t<div class=\"elementor-element elementor-element-d955379 elementor-widget elementor-widget-cz_image\" data-id=\"d955379\" data-element_type=\"widget\" data-e-type=\"widget\" data-widget_type=\"cz_image.default\">\n\t\t\t\t<div class=\"elementor-widget-container\">\n\t\t\t\t\t\r\n\t\t<div class=\"cz_image clr cz_image_no_fx center_on_mobile xtra-image-full-width\" data-position=\"\">\r\n\r\n\t\t\t<div>\r\n\r\n\t\t\t\t<div class=\"cz_image_in\">\r\n\r\n\t\t\t\t\t<div class=\"cz_main_image\"><img loading=\"lazy\" decoding=\"async\" width=\"848\" height=\"1200\" src=\"https:\/\/stomatolog-muskic.hr\/wp-content\/uploads\/2026\/01\/ana.jpg\" class=\"attachment-full size-full wp-image-2642\" alt=\"Ana\" loading=\"lazy\" srcset=\"https:\/\/stomatolog-muskic.hr\/wp-content\/uploads\/2026\/01\/ana.jpg 848w, https:\/\/stomatolog-muskic.hr\/wp-content\/uploads\/2026\/01\/ana-212x300.jpg 212w, https:\/\/stomatolog-muskic.hr\/wp-content\/uploads\/2026\/01\/ana-724x1024.jpg 724w, https:\/\/stomatolog-muskic.hr\/wp-content\/uploads\/2026\/01\/ana-768x1087.jpg 768w, https:\/\/stomatolog-muskic.hr\/wp-content\/uploads\/2026\/01\/ana-600x849.jpg 600w\" sizes=\"auto, (max-width: 848px) 100vw, 848px\" \/><\/div>\r\n\r\n\t\t\t\t\t\r\n\t\t\t\t<\/div>\r\n\r\n\t\t\t\t<div class=\"cz_image_caption mt10 cz_wpe_content\"><p>Ana<br \/>dr.med.dent.<\/p><\/div>\r\n\t\t\t<\/div>\r\n\r\n\t\t<\/div>\r\n\r\n\t\t\t\t\t<\/div>\n\t\t\t\t<\/div>\n\t\t\t\t<\/div>\n\t\t<div class=\"elementor-element elementor-element-54b40b7 e-con-full e-flex e-con e-child\" data-id=\"54b40b7\" data-element_type=\"container\" data-e-type=\"container\">\n\t\t\t\t<div class=\"elementor-element elementor-element-1d6f8d4 elementor-widget elementor-widget-cz_image\" data-id=\"1d6f8d4\" data-element_type=\"widget\" data-e-type=\"widget\" data-widget_type=\"cz_image.default\">\n\t\t\t\t<div class=\"elementor-widget-container\">\n\t\t\t\t\t\r\n\t\t<div class=\"cz_image clr cz_image_no_fx center_on_mobile xtra-image-full-width\" data-position=\"\">\r\n\r\n\t\t\t<div>\r\n\r\n\t\t\t\t<div class=\"cz_image_in\">\r\n\r\n\t\t\t\t\t<div class=\"cz_main_image\"><img loading=\"lazy\" decoding=\"async\" width=\"848\" height=\"1200\" src=\"https:\/\/stomatolog-muskic.hr\/wp-content\/uploads\/2026\/01\/dorotea.jpg\" class=\"attachment-full size-full wp-image-2649\" alt=\"Dorotea\" loading=\"lazy\" srcset=\"https:\/\/stomatolog-muskic.hr\/wp-content\/uploads\/2026\/01\/dorotea.jpg 848w, https:\/\/stomatolog-muskic.hr\/wp-content\/uploads\/2026\/01\/dorotea-212x300.jpg 212w, https:\/\/stomatolog-muskic.hr\/wp-content\/uploads\/2026\/01\/dorotea-724x1024.jpg 724w, https:\/\/stomatolog-muskic.hr\/wp-content\/uploads\/2026\/01\/dorotea-768x1087.jpg 768w, https:\/\/stomatolog-muskic.hr\/wp-content\/uploads\/2026\/01\/dorotea-600x849.jpg 600w\" sizes=\"auto, (max-width: 848px) 100vw, 848px\" \/><\/div>\r\n\r\n\t\t\t\t\t\r\n\t\t\t\t<\/div>\r\n\r\n\t\t\t\t<div class=\"cz_image_caption mt10 cz_wpe_content\"><p>Dorotea<br \/>dent. asistentica<\/p><\/div>\r\n\t\t\t<\/div>\r\n\r\n\t\t<\/div>\r\n\r\n\t\t\t\t\t<\/div>\n\t\t\t\t<\/div>\n\t\t\t\t<\/div>\n\t\t<div class=\"elementor-element elementor-element-1011aad e-con-full e-flex e-con e-child\" data-id=\"1011aad\" data-element_type=\"container\" data-e-type=\"container\">\n\t\t\t\t<div class=\"elementor-element elementor-element-e17e42b elementor-widget elementor-widget-cz_image\" data-id=\"e17e42b\" data-element_type=\"widget\" data-e-type=\"widget\" data-widget_type=\"cz_image.default\">\n\t\t\t\t<div class=\"elementor-widget-container\">\n\t\t\t\t\t\r\n\t\t<div class=\"cz_image clr cz_image_no_fx center_on_mobile xtra-image-full-width\" data-position=\"\">\r\n\r\n\t\t\t<div>\r\n\r\n\t\t\t\t<div class=\"cz_image_in\">\r\n\r\n\t\t\t\t\t<div class=\"cz_main_image\"><img loading=\"lazy\" decoding=\"async\" width=\"848\" height=\"1200\" src=\"https:\/\/stomatolog-muskic.hr\/wp-content\/uploads\/2026\/01\/romana.jpg\" class=\"attachment-full size-full wp-image-2650\" alt=\"Romana\" loading=\"lazy\" srcset=\"https:\/\/stomatolog-muskic.hr\/wp-content\/uploads\/2026\/01\/romana.jpg 848w, https:\/\/stomatolog-muskic.hr\/wp-content\/uploads\/2026\/01\/romana-212x300.jpg 212w, https:\/\/stomatolog-muskic.hr\/wp-content\/uploads\/2026\/01\/romana-724x1024.jpg 724w, https:\/\/stomatolog-muskic.hr\/wp-content\/uploads\/2026\/01\/romana-768x1087.jpg 768w, https:\/\/stomatolog-muskic.hr\/wp-content\/uploads\/2026\/01\/romana-600x849.jpg 600w\" sizes=\"auto, (max-width: 848px) 100vw, 848px\" \/><\/div>\r\n\r\n\t\t\t\t\t\r\n\t\t\t\t<\/div>\r\n\r\n\t\t\t\t<div class=\"cz_image_caption mt10 cz_wpe_content\"><p>Romana<br \/>dent. tehni\u010darka<br \/>dent. asistentica<\/p><\/div>\r\n\t\t\t<\/div>\r\n\r\n\t\t<\/div>\r\n\r\n\t\t\t\t\t<\/div>\n\t\t\t\t<\/div>\n\t\t\t\t<\/div>\n\t\t\t\t\t<\/div>\n\t\t\t\t<\/div>\n\t\t\t\t<\/div>\n\t\t","protected":false},"excerpt":{"rendered":"<p>\u00dcber uns Umfassende zahnmedizinische Versorgung f\u00fcr die ganze Familie In der &#8230; <\/p>\n","protected":false},"author":7,"featured_media":0,"parent":0,"menu_order":0,"comment_status":"closed","ping_status":"closed","template":"","meta":{"footnotes":""},"class_list":["post-2891","page","type-page","status-publish","hentry"],"_links":{"self":[{"href":"https:\/\/stomatolog-muskic.hr\/index.php?rest_route=\/wp\/v2\/pages\/2891","targetHints":{"allow":["GET"]}}],"collection":[{"href":"https:\/\/stomatolog-muskic.hr\/index.php?rest_route=\/wp\/v2\/pages"}],"about":[{"href":"https:\/\/stomatolog-muskic.hr\/index.php?rest_route=\/wp\/v2\/types\/page"}],"author":[{"embeddable":true,"href":"https:\/\/stomatolog-muskic.hr\/index.php?rest_route=\/wp\/v2\/users\/7"}],"replies":[{"embeddable":true,"href":"https:\/\/stomatolog-muskic.hr\/index.php?rest_route=%2Fwp%2Fv2%2Fcomments&post=2891"}],"version-history":[{"count":0,"href":"https:\/\/stomatolog-muskic.hr\/index.php?rest_route=\/wp\/v2\/pages\/2891\/revisions"}],"wp:attachment":[{"href":"https:\/\/stomatolog-muskic.hr\/index.php?rest_route=%2Fwp%2Fv2%2Fmedia&parent=2891"}],"curies":[{"name":"wp","href":"https:\/\/api.w.org\/{rel}","templated":true}]}}