{"id":2683,"date":"2026-02-10T19:24:28","date_gmt":"2026-02-10T18:24:28","guid":{"rendered":"https:\/\/stomatolog-muskic.hr\/home-deutsch\/"},"modified":"2026-03-31T22:37:33","modified_gmt":"2026-03-31T20:37:33","slug":"home-deutsch","status":"publish","type":"page","link":"https:\/\/stomatolog-muskic.hr\/?page_id=2683&lang=de","title":{"rendered":"Home &#8211; Deutsch"},"content":{"rendered":"\t\t<div data-elementor-type=\"wp-page\" data-elementor-id=\"2683\" class=\"elementor elementor-2683\">\n\t\t\t\t\t\t<section class=\"elementor-section elementor-top-section elementor-element elementor-element-de3406c elementor-section-stretched elementor-section-boxed elementor-section-height-default elementor-section-height-default\" data-id=\"de3406c\" data-element_type=\"section\" data-e-type=\"section\" data-settings=\"{&quot;stretch_section&quot;:&quot;section-stretched&quot;,&quot;background_background&quot;:&quot;classic&quot;}\">\n\t\t\t\t\t\t\t<div class=\"elementor-background-overlay\"><\/div>\n\t\t\t\t\t\t\t<div class=\"elementor-container elementor-column-gap-default\">\n\t\t\t\t\t<div class=\"elementor-column elementor-col-100 elementor-top-column elementor-element elementor-element-06ce11d\" data-id=\"06ce11d\" data-element_type=\"column\" data-e-type=\"column\">\n\t\t\t<div class=\"elementor-widget-wrap elementor-element-populated\">\n\t\t\t\t\t\t<div class=\"elementor-element elementor-element-15d2fc7 elementor-widget elementor-widget-cz_animated_text\" data-id=\"15d2fc7\" data-element_type=\"widget\" data-e-type=\"widget\" data-widget_type=\"cz_animated_text.default\">\n\t\t\t\t<div class=\"elementor-widget-container\">\n\t\t\t\t\t\r\n\t\t<h2 data-time=\"3000\" class=\"cz_headline clip is-full-width\">\r\n\r\n\t\t\t<span class=\"cz_before_text\">\r\n\t\t\t\tMit uns \u2013 voller Freude\t\r\n\t\t\t<\/span>\r\n\r\n\t\t\t<span class=\"cz_words-wrapper\"> \r\n\r\n\t\t\t\t<b class=\"is-visible\">leben<\/b><b class=\"is-hidden\">sprechen<\/b><b class=\"is-hidden\">kauen<\/b><b class=\"is-hidden\">k\u00fcssen<\/b><b class=\"is-hidden\">strahlen<\/b><b class=\"is-hidden\">l\u00e4chen<\/b>\r\n\t\t\t<\/span>\r\n\r\n\t\t\t<span class=\"cz_after_text\">\r\n\t\t\t\t\t\t\t<\/span>\r\n\r\n\t\t<\/h2>\r\n\r\n\t\t\t\t\t\t<\/div>\n\t\t\t\t<\/div>\n\t\t\t\t<div class=\"elementor-element elementor-element-fdc7f1a elementor-widget elementor-widget-spacer\" data-id=\"fdc7f1a\" data-element_type=\"widget\" data-e-type=\"widget\" data-widget_type=\"spacer.default\">\n\t\t\t\t<div class=\"elementor-widget-container\">\n\t\t\t\t\t\t\t<div class=\"elementor-spacer\">\n\t\t\t<div class=\"elementor-spacer-inner\"><\/div>\n\t\t<\/div>\n\t\t\t\t\t\t<\/div>\n\t\t\t\t<\/div>\n\t\t\t\t\t<\/div>\n\t\t<\/div>\n\t\t\t\t\t<\/div>\n\t\t<\/section>\n\t\t\t\t<section class=\"elementor-section elementor-top-section elementor-element elementor-element-fd088f8 elementor-section-stretched elementor-section-boxed elementor-section-height-default elementor-section-height-default\" data-id=\"fd088f8\" data-element_type=\"section\" data-e-type=\"section\" data-settings=\"{&quot;stretch_section&quot;:&quot;section-stretched&quot;,&quot;background_background&quot;:&quot;classic&quot;}\">\n\t\t\t\t\t\t\t<div class=\"elementor-background-overlay\"><\/div>\n\t\t\t\t\t\t\t<div class=\"elementor-container elementor-column-gap-default\">\n\t\t\t\t\t<div class=\"elementor-column elementor-col-50 elementor-top-column elementor-element elementor-element-87ec552\" data-id=\"87ec552\" data-element_type=\"column\" data-e-type=\"column\">\n\t\t\t<div class=\"elementor-widget-wrap elementor-element-populated\">\n\t\t\t\t\t\t<div class=\"elementor-element elementor-element-d4c098c elementor-widget elementor-widget-cz_gap\" data-id=\"d4c098c\" data-element_type=\"widget\" data-e-type=\"widget\" data-widget_type=\"cz_gap.default\">\n\t\t\t\t<div class=\"elementor-widget-container\">\n\t\t\t\t\t<div class=\"cz_gap clr\"><\/div>\t\t\t\t<\/div>\n\t\t\t\t<\/div>\n\t\t\t\t<div class=\"elementor-element elementor-element-d255979 elementor-widget__width-initial elementor-widget elementor-widget-cz_title\" data-id=\"d255979\" data-element_type=\"widget\" data-e-type=\"widget\" data-widget_type=\"cz_title.default\">\n\t\t\t\t<div class=\"elementor-widget-container\">\n\t\t\t\t\t\t\r\n\t\t<div>\r\n\t\t\t<div class=\"cz_title clr cz_mobile_text_center cz_title_pos_inline\"><div class=\"cz_title_content\"><div class=\"cz_wpe_content\"><h2>Ihr L\u00e4cheln verdient erstklassige zahnmedizinische Betreuung<\/h2><\/div><\/div><\/div>\r\n\t\t<\/div>\r\n\t\t\r\n\t\t\t\t\t\t<\/div>\n\t\t\t\t<\/div>\n\t\t\t\t\t<\/div>\n\t\t<\/div>\n\t\t\t\t<div class=\"elementor-column elementor-col-50 elementor-top-column elementor-element elementor-element-18d7e13\" data-id=\"18d7e13\" data-element_type=\"column\" data-e-type=\"column\">\n\t\t\t<div class=\"elementor-widget-wrap elementor-element-populated\">\n\t\t\t\t\t\t<div class=\"elementor-element elementor-element-34345da elementor-widget elementor-widget-cz_gap\" data-id=\"34345da\" data-element_type=\"widget\" data-e-type=\"widget\" data-widget_type=\"cz_gap.default\">\n\t\t\t\t<div class=\"elementor-widget-container\">\n\t\t\t\t\t<div class=\"cz_gap clr\"><\/div>\t\t\t\t<\/div>\n\t\t\t\t<\/div>\n\t\t\t\t<div class=\"elementor-element elementor-element-770103c elementor-widget elementor-widget-cz_title\" data-id=\"770103c\" data-element_type=\"widget\" data-e-type=\"widget\" data-widget_type=\"cz_title.default\">\n\t\t\t\t<div class=\"elementor-widget-container\">\n\t\t\t\t\t\t\r\n\t\t<div>\r\n\t\t\t<div class=\"cz_title clr cz_mobile_text_center cz_title_pos_inline\"><div class=\"cz_title_content\"><div class=\"cz_wpe_content\">In der Zahnarztpraxis Sergea legen wir den Fokus auf Gesundheit und \u00c4sthetik, mit besonderem Wert auf einen individuellen Ansatz und die biologischen Prinzipien der modernen Zahnmedizin, die die ganzheitliche Gesundheit des K\u00f6rpers unterst\u00fctzen.<\/div><\/div><\/div>\r\n\t\t<\/div>\r\n\t\t\r\n\t\t\t\t\t\t<\/div>\n\t\t\t\t<\/div>\n\t\t\t\t\t<\/div>\n\t\t<\/div>\n\t\t\t\t\t<\/div>\n\t\t<\/section>\n\t\t\t\t<section class=\"elementor-section elementor-top-section elementor-element elementor-element-10f1f34 elementor-section-boxed elementor-section-height-default elementor-section-height-default\" data-id=\"10f1f34\" data-element_type=\"section\" data-e-type=\"section\" data-settings=\"{&quot;background_background&quot;:&quot;classic&quot;}\">\n\t\t\t\t\t\t<div class=\"elementor-container elementor-column-gap-default\">\n\t\t\t\t\t<div class=\"elementor-column elementor-col-50 elementor-top-column elementor-element elementor-element-0c1b29a column-xtra-sticky\" data-id=\"0c1b29a\" data-element_type=\"column\" data-e-type=\"column\">\n\t\t\t<div class=\"elementor-widget-wrap elementor-element-populated\">\n\t\t\t\t\t\t<div class=\"elementor-element elementor-element-9d86483 elementor-widget elementor-widget-cz_image\" data-id=\"9d86483\" data-element_type=\"widget\" data-e-type=\"widget\" data-settings=\"{&quot;_animation&quot;:&quot;none&quot;}\" data-widget_type=\"cz_image.default\">\n\t\t\t\t<div class=\"elementor-widget-container\">\n\t\t\t\t\t\r\n\t\t<div class=\"cz_image clr cz_image_no_fx center_on_mobile\" data-position=\"\">\r\n\r\n\t\t\t<div>\r\n\r\n\t\t\t\t<div class=\"cz_image_in\">\r\n\r\n\t\t\t\t\t<div class=\"cz_main_image\"><img fetchpriority=\"high\" decoding=\"async\" loading=\"eager\" data-no-lazy=\"1\" width=\"2560\" height=\"1707\" src=\"https:\/\/stomatolog-muskic.hr\/wp-content\/uploads\/2026\/01\/DSC_1518-scaled.jpg\" class=\"attachment-full size-full wp-image-2630\" alt=\"DSC 1518 scaled\" srcset=\"https:\/\/stomatolog-muskic.hr\/wp-content\/uploads\/2026\/01\/DSC_1518-scaled.jpg 2560w, https:\/\/stomatolog-muskic.hr\/wp-content\/uploads\/2026\/01\/DSC_1518-300x200.jpg 300w, https:\/\/stomatolog-muskic.hr\/wp-content\/uploads\/2026\/01\/DSC_1518-1024x683.jpg 1024w, https:\/\/stomatolog-muskic.hr\/wp-content\/uploads\/2026\/01\/DSC_1518-768x512.jpg 768w, https:\/\/stomatolog-muskic.hr\/wp-content\/uploads\/2026\/01\/DSC_1518-1536x1024.jpg 1536w, https:\/\/stomatolog-muskic.hr\/wp-content\/uploads\/2026\/01\/DSC_1518-2048x1365.jpg 2048w, https:\/\/stomatolog-muskic.hr\/wp-content\/uploads\/2026\/01\/DSC_1518-600x400.jpg 600w\" sizes=\"(max-width: 2560px) 100vw, 2560px\" \/><\/div>\r\n\r\n\t\t\t\t\t\r\n\t\t\t\t<\/div>\r\n\r\n\t\t\t\t\r\n\t\t\t<\/div>\r\n\r\n\t\t<\/div>\r\n\r\n\t\t\t\t\t<\/div>\n\t\t\t\t<\/div>\n\t\t\t\t\t<\/div>\n\t\t<\/div>\n\t\t\t\t<div class=\"elementor-column elementor-col-50 elementor-top-column elementor-element elementor-element-bf3e5de column-xtra-full-after\" data-id=\"bf3e5de\" data-element_type=\"column\" data-e-type=\"column\" data-settings=\"{&quot;background_background&quot;:&quot;classic&quot;}\">\n\t\t\t<div class=\"elementor-widget-wrap elementor-element-populated\">\n\t\t\t\t\t\t<div class=\"elementor-element elementor-element-841b0b2 elementor-widget elementor-widget-cz_gap\" data-id=\"841b0b2\" data-element_type=\"widget\" data-e-type=\"widget\" data-widget_type=\"cz_gap.default\">\n\t\t\t\t<div class=\"elementor-widget-container\">\n\t\t\t\t\t<div class=\"cz_gap clr\"><\/div>\t\t\t\t<\/div>\n\t\t\t\t<\/div>\n\t\t\t\t<div class=\"elementor-element elementor-element-ba7d090 elementor-widget elementor-widget-cz_title\" data-id=\"ba7d090\" data-element_type=\"widget\" data-e-type=\"widget\" data-widget_type=\"cz_title.default\">\n\t\t\t\t<div class=\"elementor-widget-container\">\n\t\t\t\t\t\t\r\n\t\t<div>\r\n\t\t\t<div class=\"cz_title clr cz_mobile_text_center cz_title_pos_inline\"><div class=\"cz_title_content\"><div class=\"cz_wpe_content\"><h3><span style=\"color: #81d8d0;\">WARUM UNS W\u00c4HLEN?<\/span><\/h3><\/div><\/div><\/div>\r\n\t\t<\/div>\r\n\t\t\r\n\t\t\t\t\t\t<\/div>\n\t\t\t\t<\/div>\n\t\t\t\t<div class=\"elementor-element elementor-element-9bbc69d elementor-widget elementor-widget-cz_title\" data-id=\"9bbc69d\" data-element_type=\"widget\" data-e-type=\"widget\" data-widget_type=\"cz_title.default\">\n\t\t\t\t<div class=\"elementor-widget-container\">\n\t\t\t\t\t\t\r\n\t\t<div>\r\n\t\t\t<div class=\"cz_title clr cz_mobile_text_center cz_title_pos_inline\"><div class=\"cz_title_content\"><div class=\"cz_wpe_content\">Unser Ziel und unsere gr\u00f6\u00dfte Freude ist ein gesunder und zufriedener Patient mit einem strahlenden L\u00e4cheln. Wir behandeln nicht nur Symptome, sondern suchen nach der Ursache des Problems und w\u00e4hlen Therapien, die schonend, sicher und langfristig f\u00f6rderlich f\u00fcr Ihre Gesundheit sind, denn f\u00fcr uns sind Sie nicht nur Z\u00e4hne im Behandlungsstuhl. Wir m\u00f6chten, dass Sie sich wohl, geh\u00f6rt und sicher f\u00fchlen, denn ein gesundes L\u00e4cheln entsteht aus Balance und Vertrauen \u2013 ganz gleich, ob Sie 5 oder 95 Jahre alt sind.<\/div><\/div><\/div>\r\n\t\t<\/div>\r\n\t\t\r\n\t\t\t\t\t\t<\/div>\n\t\t\t\t<\/div>\n\t\t\t\t<div class=\"elementor-element elementor-element-943d560 elementor-widget elementor-widget-cz_title\" data-id=\"943d560\" data-element_type=\"widget\" data-e-type=\"widget\" data-widget_type=\"cz_title.default\">\n\t\t\t\t<div class=\"elementor-widget-container\">\n\t\t\t\t\t\t\r\n\t\t<div>\r\n\t\t\t<div class=\"cz_title clr cz_mobile_text_center cz_title_pos_inline\"><div class=\"cz_title_content\"><div class=\"cz_wpe_content\">\ud83d\udd39 Vertrauen, Fachkompetenz und Qualit\u00e4t an einem Ort<\/div><\/div><\/div>\r\n\t\t<\/div>\r\n\t\t\r\n\t\t\t\t\t\t<\/div>\n\t\t\t\t<\/div>\n\t\t\t\t<div class=\"elementor-element elementor-element-e687ec5 elementor-widget elementor-widget-cz_gap\" data-id=\"e687ec5\" data-element_type=\"widget\" data-e-type=\"widget\" data-widget_type=\"cz_gap.default\">\n\t\t\t\t<div class=\"elementor-widget-container\">\n\t\t\t\t\t<div class=\"cz_gap clr\"><\/div>\t\t\t\t<\/div>\n\t\t\t\t<\/div>\n\t\t\t\t\t<\/div>\n\t\t<\/div>\n\t\t\t\t\t<\/div>\n\t\t<\/section>\n\t\t\t\t<\/div>\n\t\t","protected":false},"excerpt":{"rendered":"<p>Mit uns \u2013 voller Freude lebensprechenkauenk\u00fcssenstrahlenl\u00e4chen Ihr L\u00e4cheln verdient erstklassige zahnmedizinische &#8230; <\/p>\n","protected":false},"author":7,"featured_media":0,"parent":0,"menu_order":0,"comment_status":"closed","ping_status":"closed","template":"","meta":{"footnotes":""},"class_list":["post-2683","page","type-page","status-publish","hentry"],"_links":{"self":[{"href":"https:\/\/stomatolog-muskic.hr\/index.php?rest_route=\/wp\/v2\/pages\/2683","targetHints":{"allow":["GET"]}}],"collection":[{"href":"https:\/\/stomatolog-muskic.hr\/index.php?rest_route=\/wp\/v2\/pages"}],"about":[{"href":"https:\/\/stomatolog-muskic.hr\/index.php?rest_route=\/wp\/v2\/types\/page"}],"author":[{"embeddable":true,"href":"https:\/\/stomatolog-muskic.hr\/index.php?rest_route=\/wp\/v2\/users\/7"}],"replies":[{"embeddable":true,"href":"https:\/\/stomatolog-muskic.hr\/index.php?rest_route=%2Fwp%2Fv2%2Fcomments&post=2683"}],"version-history":[{"count":0,"href":"https:\/\/stomatolog-muskic.hr\/index.php?rest_route=\/wp\/v2\/pages\/2683\/revisions"}],"wp:attachment":[{"href":"https:\/\/stomatolog-muskic.hr\/index.php?rest_route=%2Fwp%2Fv2%2Fmedia&parent=2683"}],"curies":[{"name":"wp","href":"https:\/\/api.w.org\/{rel}","templated":true}]}}