{"id":19,"date":"2024-06-10T08:34:22","date_gmt":"2024-06-10T08:34:22","guid":{"rendered":"http:\/\/xtratheme.combuilding\/?page_id=13"},"modified":"2026-03-26T13:13:24","modified_gmt":"2026-03-26T12:13:24","slug":"cjeloviti-pristup","status":"publish","type":"page","link":"https:\/\/stomatolog-muskic.hr\/?page_id=19","title":{"rendered":"Cjeloviti pristup"},"content":{"rendered":"\t\t<div data-elementor-type=\"wp-page\" data-elementor-id=\"19\" class=\"elementor elementor-19\">\n\t\t\t\t<div class=\"elementor-element elementor-element-f583d5d e-grid e-con-boxed e-con e-parent\" data-id=\"f583d5d\" data-element_type=\"container\" data-e-type=\"container\">\n\t\t\t\t\t<div class=\"e-con-inner\">\n\t\t<div class=\"elementor-element elementor-element-a4a5a18 e-con-full e-flex e-con e-child\" data-id=\"a4a5a18\" data-element_type=\"container\" data-e-type=\"container\">\n\t\t\t\t<div class=\"elementor-element elementor-element-bd6967b elementor-widget elementor-widget-cz_gap\" data-id=\"bd6967b\" data-element_type=\"widget\" data-e-type=\"widget\" data-widget_type=\"cz_gap.default\">\n\t\t\t\t<div class=\"elementor-widget-container\">\n\t\t\t\t\t<div class=\"cz_gap clr\"><\/div>\t\t\t\t<\/div>\n\t\t\t\t<\/div>\n\t\t\t\t<div class=\"elementor-element elementor-element-b246b3f elementor-widget elementor-widget-cz_title\" data-id=\"b246b3f\" data-element_type=\"widget\" data-e-type=\"widget\" data-widget_type=\"cz_title.default\">\n\t\t\t\t<div class=\"elementor-widget-container\">\n\t\t\t\t\t\t\r\n\t\t<div>\r\n\t\t\t<div class=\"cz_title clr cz_title_pos_inline\"><div class=\"cz_title_content\"><div class=\"cz_wpe_content\"><p style=\"text-align: justify;\">U na\u0161oj ordinaciji njegujemo cjeloviti pristup stomatologiji, u kojem zdravlje zuba promatramo kao va\u017ean dio op\u0107eg zdravlja i dobrobiti pacijenta. Osim dijagnostike i terapije, veliku pa\u017enju posve\u0107ujemo prevenciji, pravilnim \u017eivotnim navikama i dugoro\u010dnom o\u010duvanju zdravlja usne \u0161upljine.<br \/><br \/>Na\u0161 cilj je zdrav osmijeh koji podr\u017eava zdravlje cijelog organizma. Holisti\u010dki pristup za nas zna\u010di brigu o zubima imaju\u0107i na umu cijelo tijelo, va\u0161e \u017eivotne navike, oralnu higijenu i prehranu. Na\u010din prehrane, obrasci \u017evakanja, disanja ili gutanja mogu dugoro\u010dno utjecati na razvoj i stabilnost stomatognatog sustava.<br \/><br \/>Veliku va\u017enost pridajemo prevenciji \u2013 pravovremenom prepoznavanju \u010dimbenika koji mogu utjecati na oralno zdravlje. Time omogu\u0107ujemo preventivno djelovanje i o\u010duvanje zdravog osmijeha. Ne bavimo se samo simptomima, ve\u0107 tra\u017eimo uzrok problema kako bismo podr\u017eali cjelokupno zdravlje organizma.<br \/><br \/>Posebnu pa\u017enju posve\u0107ujemo i sigurnom uklanjanju amalgamskih ispuna. Svjesni smo potencijalnog utjecaja amalgama na organizam, stoga postupak uklanjanja provodimo uz primjenu za\u0161titnih protokola koji osiguravaju maksimalnu sigurnost za pacijenta i stomatolo\u0161ki tim. Na\u0161 pristup temelji se na suvremenim smjernicama koje minimiziraju izlo\u017eenost i podr\u017eavaju o\u010duvanje op\u0107eg zdravlja.<br \/><br \/>Temelj zdravlja zuba i desni je i pravilna, redovita oralna higijena. Uz svakodnevnu brigu o usnoj \u0161upljini i redovite profesionalne stomatolo\u0161ke kontrole mogu\u0107e je u\u010dinkovito sprije\u010diti karijes, bolesti desni i druge oralne pote\u0161ko\u0107e.<\/p><p style=\"text-align: justify;\"><br \/>Svakom pacijentu pristupamo individualno, s pa\u017enjom i razumijevanjem, biraju\u0107i sigurne, nje\u017ene i dugoro\u010dno korisne terapijske metode. Posebnu pa\u017enju posve\u0107ujemo i ugodnom iskustvu pacijenata \u2013 \u017eelimo da se kod nas osje\u0107ate sigurno, saslu\u0161ano i opu\u0161teno.<br \/><br \/>Kroz individualni pristup, jasnu komunikaciju, stru\u010dnu skrb i opu\u0161tenu atmosferu nastojimo svaki posjet u\u010diniti ugodnim iskustvom, uz istodobno o\u010duvanje dugoro\u010dnog oralnog zdravlja i prirodnog osmijeha<\/p><\/div><\/div><\/div>\r\n\t\t<\/div>\r\n\t\t\r\n\t\t\t\t\t\t<\/div>\n\t\t\t\t<\/div>\n\t\t\t\t<\/div>\n\t\t\t\t<div class=\"elementor-element elementor-element-1620476 elementor-widget elementor-widget-cz_image\" data-id=\"1620476\" data-element_type=\"widget\" data-e-type=\"widget\" data-widget_type=\"cz_image.default\">\n\t\t\t\t<div class=\"elementor-widget-container\">\n\t\t\t\t\t\r\n\t\t<div class=\"cz_image clr cz_image_no_fx center_on_mobile\" data-position=\"\">\r\n\r\n\t\t\t<div>\r\n\r\n\t\t\t\t<div class=\"cz_image_in\">\r\n\r\n\t\t\t\t\t<div class=\"cz_main_image\"><img fetchpriority=\"high\" decoding=\"async\" loading=\"eager\" data-no-lazy=\"1\" width=\"2560\" height=\"1707\" src=\"https:\/\/stomatolog-muskic.hr\/wp-content\/uploads\/2026\/03\/DSC_1427-scaled.jpg\" class=\"attachment-full size-full wp-image-2833\" alt=\"DSC 1427 scaled\" srcset=\"https:\/\/stomatolog-muskic.hr\/wp-content\/uploads\/2026\/03\/DSC_1427-scaled.jpg 2560w, https:\/\/stomatolog-muskic.hr\/wp-content\/uploads\/2026\/03\/DSC_1427-300x200.jpg 300w, https:\/\/stomatolog-muskic.hr\/wp-content\/uploads\/2026\/03\/DSC_1427-1024x683.jpg 1024w, https:\/\/stomatolog-muskic.hr\/wp-content\/uploads\/2026\/03\/DSC_1427-768x512.jpg 768w, https:\/\/stomatolog-muskic.hr\/wp-content\/uploads\/2026\/03\/DSC_1427-1536x1024.jpg 1536w, https:\/\/stomatolog-muskic.hr\/wp-content\/uploads\/2026\/03\/DSC_1427-2048x1365.jpg 2048w, https:\/\/stomatolog-muskic.hr\/wp-content\/uploads\/2026\/03\/DSC_1427-600x400.jpg 600w\" sizes=\"(max-width: 2560px) 100vw, 2560px\" \/><\/div>\r\n\r\n\t\t\t\t\t\r\n\t\t\t\t<\/div>\r\n\r\n\t\t\t\t\r\n\t\t\t<\/div>\r\n\r\n\t\t<\/div>\r\n\r\n\t\t\t\t\t<\/div>\n\t\t\t\t<\/div>\n\t\t\t\t\t<\/div>\n\t\t\t\t<\/div>\n\t\t\t\t<\/div>\n\t\t","protected":false},"excerpt":{"rendered":"<p>U na\u0161oj ordinaciji njegujemo cjeloviti pristup stomatologiji, u kojem zdravlje zuba &#8230; <\/p>\n","protected":false},"author":7,"featured_media":0,"parent":0,"menu_order":0,"comment_status":"closed","ping_status":"closed","template":"","meta":{"footnotes":""},"class_list":["post-19","page","type-page","status-publish","hentry"],"_links":{"self":[{"href":"https:\/\/stomatolog-muskic.hr\/index.php?rest_route=\/wp\/v2\/pages\/19","targetHints":{"allow":["GET"]}}],"collection":[{"href":"https:\/\/stomatolog-muskic.hr\/index.php?rest_route=\/wp\/v2\/pages"}],"about":[{"href":"https:\/\/stomatolog-muskic.hr\/index.php?rest_route=\/wp\/v2\/types\/page"}],"author":[{"embeddable":true,"href":"https:\/\/stomatolog-muskic.hr\/index.php?rest_route=\/wp\/v2\/users\/7"}],"replies":[{"embeddable":true,"href":"https:\/\/stomatolog-muskic.hr\/index.php?rest_route=%2Fwp%2Fv2%2Fcomments&post=19"}],"version-history":[{"count":0,"href":"https:\/\/stomatolog-muskic.hr\/index.php?rest_route=\/wp\/v2\/pages\/19\/revisions"}],"wp:attachment":[{"href":"https:\/\/stomatolog-muskic.hr\/index.php?rest_route=%2Fwp%2Fv2%2Fmedia&parent=19"}],"curies":[{"name":"wp","href":"https:\/\/api.w.org\/{rel}","templated":true}]}}